{"id":164,"date":"2019-06-24T14:25:22","date_gmt":"2019-06-24T14:25:22","guid":{"rendered":"http:\/\/www.terapierodiny.cz\/?page_id=164"},"modified":"2025-05-11T04:35:22","modified_gmt":"2025-05-11T04:35:22","slug":"rodinna-terapie","status":"publish","type":"page","link":"https:\/\/www.terapierodiny.cz\/index.php\/rodinna-terapie\/","title":{"rendered":"Rodinn\u00e1 terapie"},"content":{"rendered":"\n<p><strong>Rodinn\u00e1 terapie<\/strong> (RT) nebo <strong>rodinn\u00e9 poradenstv\u00ed<\/strong> je \u00fa\u010dinn\u00fd proces, jak p\u0159ekonat obt\u00ed\u017ee v sou\u017eit\u00ed ve Va\u0161\u00ed rodin\u011b. Krizov\u00e9 obdob\u00ed \u010di n\u00e1ro\u010dn\u00e9 situace, i kdy\u017e po nich netou\u017e\u00edme, se v rodinn\u00e9m sou\u017eit\u00ed objevit mohou. Jejich p\u0159ekon\u00e1n\u00ed rodinn\u00fd \u017eivot obohat\u00ed a rodinu to pos\u00edl\u00ed.<\/p>\n\n\n\n<p>P\u0159i rodinn\u00e9 terapii pracujeme ve dvojici, tzv. terapeutick\u00e9m p\u00e1ru. Rodinu pak vn\u00edm\u00e1me jako origin\u00e1ln\u00ed, neopakovateln\u00e9 spole\u010denstv\u00ed hodn\u00e9 respektu.<\/p>\n\n\n\n<p>C\u00edle RT mohou b\u00fdt r\u016fzn\u00e9 a ur\u010duj\u00ed je prim\u00e1rn\u011b \u010dlenov\u00e9 rodiny, p\u0159edev\u0161\u00edm ti, co jsou p\u0159ipraveni se k jejich napln\u011bn\u00ed aktivn\u011b p\u0159isp\u011bt. N\u011bkdy je pro rodinu d\u016fle\u017eit\u00e9 podpo\u0159it \u010di obnoven\u00ed stability, pro jinou pak naj\u00edt novou podobu vztah\u016f, tak aby jej\u00ed \u010dlenov\u00e9 prosperovali. V RT posilujeme to, co je pro Va\u0161i rodinu p\u0159\u00ednosn\u00e9, funk\u010dn\u00ed a dobr\u00e9. Spole\u010dn\u011b hled\u00e1me cestu, jak si l\u00e9pe porozum\u011bt, jak zm\u011bnit to, co br\u00e1n\u00ed dobr\u00e9mu, l\u00e1skypln\u00e9mu a zdrav\u00e9mu sou\u017eit\u00ed. V\u011bnujeme se zp\u016fsob\u016fm komunikace, porozum\u011bn\u00ed pot\u0159eb\u00e1m a tu\u017eb\u00e1m \u010dlen\u016f rodiny, porozum\u011bn\u00ed pocit\u016fm, kter\u00e9 pro\u017e\u00edv\u00e1te, uspo\u0159\u00e1d\u00e1n\u00ed vztah\u016f a pravidel sou\u017eit\u00ed, v\u00fdvojov\u00e9 f\u00e1zi, v n\u00ed\u017e se Va\u0161e rodina nach\u00e1z\u00ed apod. Pom\u016f\u017eeme V\u00e1m navz\u00e1jem mluvit o problematick\u00fdch t\u00e9matech tak, abyste se navz\u00e1jem sly\u0161eli a rozum\u011bli tomu, co si chcete nebo pot\u0159ebujete vz\u00e1jemn\u011b sd\u011blit.<\/p>\n\n\n\n<p>Konzultac\u00ed se \u00fa\u010dastn\u00ed bu\u010f cel\u00e1 rodina, nebo jej\u00ed \u010d\u00e1st, kter\u00e1 se dan\u00e9mu t\u00e9matu pot\u0159ebuje v\u011bnovat. D\u00e9lka sezen\u00ed u n\u00e1s je 50 nebo 80 minut, krat\u0161\u00ed doporu\u010dujeme rodin\u00e1m s men\u0161\u00edmi d\u011btmi, del\u0161\u00ed \u010das pro po\u010detn\u011bj\u0161\u00ed rodiny, n\u00e1ro\u010dn\u011bj\u0161\u00ed t\u00e9mata, v\u011bt\u0161\u00ed dojezdovou vzd\u00e1lenost, \u010di pot\u0159eb\u011b pracovat na Va\u0161ich t\u00e9matech intenzivn\u011bji. P\u0159i konzultaci po\u010d\u00edtejte je\u0161t\u011b s kr\u00e1tk\u00fdm \u010dasem do 10 minut na organizaci a administraci na\u0161\u00ed spolupr\u00e1ce.<\/p>\n\n\n\n<p><strong>Co p\u0159edch\u00e1z\u00ed prvn\u00ed sch\u016fzce?<\/strong> Setk\u00e1n\u00ed si domluvte emailem (to preferujeme) nebo telefonicky. Uv\u00edt\u00e1me \u00favodem informaci o Va\u0161ich \u010dasov\u00fdch mo\u017enostech a my V\u00e1m nab\u00eddneme nejbli\u017e\u0161\u00ed voln\u00fd term\u00edn. (Aktu\u00e1ln\u011b nab\u00edz\u00edme \u00faterky a p\u00e1tky, v ostatn\u00edch dnech se v\u011bnujeme jin\u00fdm oblastem.) Domluv\u00edme se t\u00e9\u017e, kdo z Va\u0161\u00ed rodiny bude na prvn\u00edm setk\u00e1n\u00ed p\u0159\u00edtomen, n\u011bkdy je vhodn\u011bj\u0161\u00ed \u00favodn\u00ed setk\u00e1n\u00ed jen s rodi\u010di, jindy je vhodn\u00e9 p\u0159ij\u00edt i s d\u011btmi.<\/p>\n\n\n\n<p><strong>Jak vypad\u00e1 prvn\u00ed sch\u016fzka?<\/strong> P\u0159i prvn\u00edm setk\u00e1n\u00ed se v\u011bnujeme vz\u00e1jemn\u00e9mu p\u0159edstaven\u00ed, sezn\u00e1men\u00ed a vyjasn\u011bn\u00ed mo\u017enost\u00ed, podm\u00ednek a pravidel terapie. Ka\u017ed\u00fd \u010dlen rodiny m\u00e1 prostor sd\u011blit, co ho tr\u00e1p\u00ed, jakou pomoc o\u010dek\u00e1v\u00e1 od rodinn\u00e9 terapie, od sv\u00fdch bl\u00edzk\u00fdch a na jak\u00fdch zm\u011bn\u00e1ch nebo t\u00e9matech by cht\u011bl v terapii pracovat. D\u016fle\u017eit\u00e1 je anamn\u00e9ze Va\u0161\u00ed situace a ov\u011b\u0159en\u00ed, jak\u00e9 mo\u017enosti k \u0159e\u0161en\u00ed m\u00e1me. Protnou-li se Va\u0161e p\u0159edstavy s t\u00edm, co v RT dok\u00e1\u017eeme nab\u00eddnout, rozvineme dal\u0161\u00ed spolupr\u00e1ci. V terapeutick\u00e9m a poradensk\u00e9m procesu n\u00e1s terapeuty za\u017eijete p\u0159ev\u00e1\u017en\u011b v rozhovoru, ale pracujeme i jin\u00fdmi, neverb\u00e1ln\u00edmi metodami, p\u0159edev\u0161\u00edm p\u0159i pr\u00e1ci s mal\u00fdmi d\u011btmi.<\/p>\n\n\n\n<p><strong>Jak RT prob\u00edh\u00e1 d\u00e1le?<\/strong> Interval mezi jednotliv\u00fdmi sch\u016fzkami b\u00fdv\u00e1 3 t\u00fddny. Po\u010det setk\u00e1n\u00ed je n\u011bkdy mo\u017en\u00e9 v po\u010d\u00e1tku stanovit, jindy, nap\u0159. p\u0159i v\u011bt\u0161\u00edm po\u010dtu a rozsahu t\u00e9mat, je l\u00e9pe nechat ukon\u010den\u00ed otev\u0159en\u00e9 podle Va\u0161ich pot\u0159eb. M\u016f\u017eete se u n\u00e1s setkat s \u201edom\u00e1c\u00edmi \u00fakoly\u201c &#8211; napl\u00e1novanou doporu\u010denou aktivitou do mezidob\u00ed, kter\u00e1 slou\u017e\u00ed k podpo\u0159e toho u\u017eite\u010dn\u00e9ho pro Va\u0161i rodinu.<\/p>\n\n\n\n<p><strong>P\u0159\u00edklad t\u00e9mat<\/strong>, s&nbsp;kter\u00fdmi se na n\u00e1s m\u016f\u017eete obr\u00e1tit:<\/p>\n\n\n\n<ul class=\"wp-block-list\">\n<li>Rodina, nebo jej\u00ed \u010dlen, se ocitla v krizi a situaci se neda\u0159\u00ed \u0159e\u0161it sv\u00e9pomoc\u00ed.<\/li>\n\n\n\n<li>Komunikace v rodin\u011b selh\u00e1v\u00e1 nebo doch\u00e1z\u00ed k \u010dast\u00fdm h\u00e1dk\u00e1m, v\u00fd\u010ditk\u00e1m a obvi\u0148ov\u00e1n\u00ed.<\/li>\n\n\n\n<li>V\u00fdvojov\u00e9 probl\u00e9my a chov\u00e1n\u00ed d\u011bt\u00ed, jako \u00fazkosti, nezvladatelnost, hyperaktivita, deprese, poruchy p\u0159\u00edjmu potravy, pot\u00ed\u017ee se sp\u00e1nkem nebo s vylu\u010dov\u00e1n\u00edm, sebepo\u0161kozov\u00e1n\u00ed, agrese apod.<\/li>\n\n\n\n<li>Z\u00e1vislosti r\u016fzn\u00fdch typ\u016f u rodinn\u00e9ho p\u0159\u00edslu\u0161n\u00edka \u010di kontakt s nevhodnou soci\u00e1ln\u00ed skupinou.<\/li>\n\n\n\n<li>Rodina proch\u00e1z\u00ed t\u011b\u017ekou \u017eivotn\u00ed situac\u00ed, do\u0161lo k trag\u00e9dii, k v\u00e1\u017en\u00e9mu onemocn\u011bn\u00ed, n\u00e1sil\u00ed apod.<\/li>\n\n\n\n<li>Opakuj\u00ed se nemoci, chronick\u00e9 onemocn\u011bn\u00ed, odol\u00e1vaj\u00edc\u00ed somatick\u00e9 l\u00e9\u010db\u011b (chronick\u00e9 bolesti hlavy, b\u0159icha, ko\u017en\u00ed probl\u00e9my, ekz\u00e9my, nespavost, bu\u0161en\u00ed srdce, p\u00edch\u00e1n\u00ed a tlak na hrudi, astma, za\u017e\u00edvac\u00ed obt\u00ed\u017ee, poruchy p\u0159\u00edjmu potravy, velk\u00fd v\u00fdskyt \u00faraz\u016f a jin\u00e9 probl\u00e9my, kter\u00e9 se vracej\u00ed).<\/li>\n\n\n\n<li>Rozveden\u00ed rodi\u010de pot\u0159ebuj\u00ed naj\u00edt novou podobu rodi\u010dovstv\u00ed.<\/li>\n\n\n\n<li>Je t\u0159eba harmonizovat mezigenera\u010dn\u00ed sou\u017eit\u00ed.<\/li>\n\n\n\n<li>Je t\u0159eba harmonizovat rodinnou, pracovn\u00ed, osobn\u00ed a z\u00e1jmov\u00e1 anga\u017eovanost \u010dlen\u016f rodiny.<\/li>\n<\/ul>\n\n\n\n<p>Nebudete-li si jisti, zda Va\u0161e t\u00e9ma je pro RT vhodn\u00e9, kontaktujte n\u00e1s a spole\u010dn\u011b Va\u0161i situaci zhodnot\u00edme.<\/p>\n\n\n\n<div class=\"wp-block-buttons is-layout-flex wp-block-buttons-is-layout-flex\">\n<div class=\"wp-block-button\"><a class=\"wp-block-button__link wp-element-button\" href=\"https:\/\/www.terapierodiny.cz\/index.php\/kontakt\/\">&nbsp;Objednejte se k prvn\u00ed konzultaci<\/a><\/div>\n<\/div>\n","protected":false},"excerpt":{"rendered":"<p>Rodinn\u00e1 terapie (RT) nebo rodinn\u00e9 poradenstv\u00ed je \u00fa\u010dinn\u00fd proces, jak p\u0159ekonat obt\u00ed\u017ee v sou\u017eit\u00ed ve Va\u0161\u00ed rodin\u011b. Krizov\u00e9 obdob\u00ed \u010di n\u00e1ro\u010dn\u00e9 situace, i kdy\u017e po nich netou\u017e\u00edme, se v rodinn\u00e9m sou\u017eit\u00ed objevit mohou. Jejich p\u0159ekon\u00e1n\u00ed rodinn\u00fd \u017eivot obohat\u00ed a rodinu to pos\u00edl\u00ed. P\u0159i rodinn\u00e9 terapii pracujeme ve dvojici, tzv. terapeutick\u00e9m p\u00e1ru. Rodinu pak vn\u00edm\u00e1me jako [&hellip;]<\/p>\n","protected":false},"author":1,"featured_media":0,"parent":0,"menu_order":0,"comment_status":"closed","ping_status":"closed","template":"","meta":{"footnotes":""},"class_list":["post-164","page","type-page","status-publish","hentry"],"_links":{"self":[{"href":"https:\/\/www.terapierodiny.cz\/index.php\/wp-json\/wp\/v2\/pages\/164","targetHints":{"allow":["GET"]}}],"collection":[{"href":"https:\/\/www.terapierodiny.cz\/index.php\/wp-json\/wp\/v2\/pages"}],"about":[{"href":"https:\/\/www.terapierodiny.cz\/index.php\/wp-json\/wp\/v2\/types\/page"}],"author":[{"embeddable":true,"href":"https:\/\/www.terapierodiny.cz\/index.php\/wp-json\/wp\/v2\/users\/1"}],"replies":[{"embeddable":true,"href":"https:\/\/www.terapierodiny.cz\/index.php\/wp-json\/wp\/v2\/comments?post=164"}],"version-history":[{"count":7,"href":"https:\/\/www.terapierodiny.cz\/index.php\/wp-json\/wp\/v2\/pages\/164\/revisions"}],"predecessor-version":[{"id":471,"href":"https:\/\/www.terapierodiny.cz\/index.php\/wp-json\/wp\/v2\/pages\/164\/revisions\/471"}],"wp:attachment":[{"href":"https:\/\/www.terapierodiny.cz\/index.php\/wp-json\/wp\/v2\/media?parent=164"}],"curies":[{"name":"wp","href":"https:\/\/api.w.org\/{rel}","templated":true}]}}