{"id":18,"date":"2018-10-11T23:03:22","date_gmt":"2018-10-11T23:03:22","guid":{"rendered":"http:\/\/www.terapierodiny.cz\/?page_id=18"},"modified":"2025-05-11T19:41:51","modified_gmt":"2025-05-11T19:41:51","slug":"kontakt","status":"publish","type":"page","link":"https:\/\/www.terapierodiny.cz\/index.php\/kontakt\/","title":{"rendered":"Kontakt pro objedn\u00e1n\u00ed"},"content":{"rendered":"\n<p class=\"has-text-align-center\">e-mail:<\/p>\n\n\n\n<p class=\"has-text-align-center\"><a href=\"mailto:info@terapierodiny.cz\"><strong>info@terapierodiny.cz<\/strong><\/a><\/p>\n\n\n\n<p class=\"has-text-align-center\">telefon:<\/p>\n\n\n\n<p class=\"has-text-align-center\"><strong>602 368 586&nbsp; &nbsp; &nbsp; &nbsp; &nbsp; 605 514 881<\/strong><\/p>\n\n\n\n<p class=\"has-text-align-center\">(Pracujeme-li s klienty, nep\u0159ij\u00edm\u00e1me hovory, pros\u00edme, vyu\u017eijte komunikaci e-mailem nebo SMS)<\/p>\n\n\n\n<p>Adresa poradny:<br><strong>B\u011blohorsk\u00e1 188\/157, Praha 6 &#8211; B\u0159evnov<\/strong><\/p>\n\n\n\n<p>(u stanice tramvaje B\u0159evnovsk\u00fd kl\u00e1\u0161ter)<\/p>\n\n\n\n<p>Setk\u00e1v\u00e1me se s klienty t\u00e9\u017e na adrese<\/p>\n\n\n\n<p><strong>Apolin\u00e1\u0159sk\u00e1 4a, Praha 2 &#8211; Karlov<\/strong>, v za\u0159\u00edzen\u00ed Anima terapie.<\/p>\n\n\n\n<p>M\u00edsto setk\u00e1n\u00ed si s klienty v\u017edy p\u0159edem stanov\u00edme.<\/p>\n","protected":false},"excerpt":{"rendered":"<p>e-mail: info@terapierodiny.cz telefon: 602 368 586&nbsp; &nbsp; &nbsp; &nbsp; &nbsp; 605 514 881 (Pracujeme-li s klienty, nep\u0159ij\u00edm\u00e1me hovory, pros\u00edme, vyu\u017eijte komunikaci e-mailem nebo SMS) Adresa poradny:B\u011blohorsk\u00e1 188\/157, Praha 6 &#8211; B\u0159evnov (u stanice tramvaje B\u0159evnovsk\u00fd kl\u00e1\u0161ter) Setk\u00e1v\u00e1me se s klienty t\u00e9\u017e na adrese Apolin\u00e1\u0159sk\u00e1 4a, Praha 2 &#8211; Karlov, v za\u0159\u00edzen\u00ed Anima terapie. M\u00edsto setk\u00e1n\u00ed [&hellip;]<\/p>\n","protected":false},"author":1,"featured_media":0,"parent":0,"menu_order":0,"comment_status":"closed","ping_status":"closed","template":"","meta":{"footnotes":""},"class_list":["post-18","page","type-page","status-publish","hentry"],"_links":{"self":[{"href":"https:\/\/www.terapierodiny.cz\/index.php\/wp-json\/wp\/v2\/pages\/18","targetHints":{"allow":["GET"]}}],"collection":[{"href":"https:\/\/www.terapierodiny.cz\/index.php\/wp-json\/wp\/v2\/pages"}],"about":[{"href":"https:\/\/www.terapierodiny.cz\/index.php\/wp-json\/wp\/v2\/types\/page"}],"author":[{"embeddable":true,"href":"https:\/\/www.terapierodiny.cz\/index.php\/wp-json\/wp\/v2\/users\/1"}],"replies":[{"embeddable":true,"href":"https:\/\/www.terapierodiny.cz\/index.php\/wp-json\/wp\/v2\/comments?post=18"}],"version-history":[{"count":21,"href":"https:\/\/www.terapierodiny.cz\/index.php\/wp-json\/wp\/v2\/pages\/18\/revisions"}],"predecessor-version":[{"id":497,"href":"https:\/\/www.terapierodiny.cz\/index.php\/wp-json\/wp\/v2\/pages\/18\/revisions\/497"}],"wp:attachment":[{"href":"https:\/\/www.terapierodiny.cz\/index.php\/wp-json\/wp\/v2\/media?parent=18"}],"curies":[{"name":"wp","href":"https:\/\/api.w.org\/{rel}","templated":true}]}}