{"id":67,"date":"2018-10-12T14:40:08","date_gmt":"2018-10-12T14:40:08","guid":{"rendered":"http:\/\/www.terapierodiny.cz\/?page_id=67"},"modified":"2026-01-19T17:17:06","modified_gmt":"2026-01-19T17:17:06","slug":"cenik","status":"publish","type":"page","link":"https:\/\/www.terapierodiny.cz\/index.php\/cenik\/","title":{"rendered":"Cen\u00edk"},"content":{"rendered":"<ul>\n<li>Konzultace <strong>p\u00e1rov\u00e9 a rodinn\u00e9 terapie<\/strong> p\u0159i pr\u00e1ci terapeutick\u00e9ho p\u00e1ru:<\/li>\n<\/ul>\n<p style=\"text-align: center;\">60 minut &#8230;.. 2000 K\u010d<\/p>\n<p style=\"text-align: center;\">90 minut &#8230;.. 3000 K\u010d<\/p>\n<ul>\n<li>Konzultace <strong>d\u011btsk\u00e9ho poradenstv\u00ed a terapie<\/strong> spolupr\u00e1ce s jedn\u00edm terapeutem:<\/li>\n<\/ul>\n<p style=\"text-align: center;\">50 minut pr\u00e1ce s jednou osobou &#8230;.. 1200 K\u010d\u00a0<\/p>\n<p style=\"text-align: center;\">50 minut pr\u00e1ce s rodi\u010di \u010di rodi\u010dem a d\u00edt\u011btem &#8230;.. 1800 K\u010d\u00a0<\/p>\n<ul>\n<li>Platit je mo\u017en\u00e9 hotov\u011b \u010di QR k\u00f3dem, p\u0159\u00edpadn\u011b p\u0159edem p\u0159evodem na \u00fa\u010det \u010d: \u00a0<strong>670100-2201362058\/6210 ,<\/strong> do zpr\u00e1vy pro p\u0159\u00edjemce uve\u010fte svou identifikaci. Platba kartou nen\u00ed mo\u017en\u00e1.<\/li>\n<li><strong>Storno podm\u00ednky<\/strong> &#8211; Objedn\u00e1n\u00ed je oboustrann\u011b z\u00e1vazn\u00e9. Term\u00edn m\u016f\u017eete zru\u0161it nebo zm\u011bnit nejpozd\u011bji 2 pracovn\u00ed dny p\u0159edem. P\u0159i pozd\u011bj\u0161\u00edm zru\u0161en\u00ed je nutn\u00e9 uhradit plnou cenu rezervovan\u00e9ho sezen\u00ed.<\/li>\n<\/ul>\n<ul>\n<li>\n<p class=\"vc_custom_heading vc_do_custom_heading vc_custom_1736263713797\"><em><strong>Co d\u011blat, kdy\u017e n\u00e1m finan\u010dn\u00ed situace nedovol\u00ed si podporu hradit? <\/strong>I v tomto p\u0159\u00edpad\u011b n\u00e1s kontaktujte a podle Va\u0161\u00ed situace se pokus\u00edme naj\u00edt vhodn\u00e9 \u0159e\u0161en\u00ed. <span style=\"font-size: inherit;\">Pot\u0159ebujete-li psychoterapii, ale nem\u00e1te mo\u017enost si ji hradit, m\u016f\u017eete se tak\u00e9 obr\u00e1tit na zdravotn\u00ed za\u0159\u00edzen\u00ed jejich\u017e slu\u017eby hrad\u00ed poji\u0161\u0165ovna. V Praze poskytuje skv\u011bl\u00e9 slu\u017eby<a href=\"https:\/\/www.psychosomatika-praha.cz\/\"> Tulsia clinic<\/a>, d\u00e1le nap\u0159\u00edklad <\/span><a style=\"font-size: inherit;\" href=\"https:\/\/www.vfn.cz\/pacienti\/kliniky-ustavy\/denni-sanatorium-horni-palata\/\">Denn\u00ed sanatorium Horn\u00ed Palata<\/a><span style=\"font-size: inherit;\">. Nab\u00edz\u00ed\u00a0 i psychoterapeutick\u00e9 skupiny a denn\u00ed stacion\u00e1\u0159e. Dal\u0161\u00ed za\u0159\u00edzen\u00ed, zam\u011b\u0159en\u00e1 na p\u00e1rovou a rodinnou terapii, kter\u00e9 m\u016f\u017eeme doporu\u010dit, je <a href=\"https:\/\/www.anima-terapie.cz\/\">Anima-terapie<\/a><\/span><span style=\"font-size: inherit;\">\u00a0nebo <a href=\"https:\/\/www.csspraha.cz\/resim-vztahove-problemy\">Centrum soci\u00e1ln\u00edch slu\u017eeb Praha<\/a>.\u00a0 Dal\u0161\u00ed skv\u011blou mo\u017enost\u00ed je <\/span><a style=\"font-size: inherit;\" href=\"http:\/\/www.socialniklinika.cz\/\">Soci\u00e1ln\u00ed klinika<\/a><span style=\"font-size: inherit;\">. Pomoc\u00ed celost\u00e1tn\u00ed s\u00edt\u011b dobrovolnick\u00fdch terapeut\u016f, poskytuje kr\u00e1tkodobou psychoterapii za \u010d\u00e1stku, jej\u00ed\u017e v\u00fd\u0161i si ur\u010d\u00ed klient s\u00e1m.<\/span><\/em><\/p>\n<div class=\"wpb_text_column wpb_content_element \">\n<div class=\"wpb_wrapper\">\n<p><em>P\u0159i akutn\u00ed krizi v\u00e1s podpo\u0159\u00ed\u00a0<a href=\"https:\/\/www.csspraha.cz\/kc-riaps\">krizov\u00e9 centrum Riaps<\/a> a\u00a0<a href=\"https:\/\/bohnice.cz\/odborna-pracoviste\/centrum-krizove-intervence\/\">Centrum krizov\u00e9 intervence<\/a> Bohnice. P\u0159ipom\u00edn\u00e1me i mo\u017enost vyu\u017e\u00edt i linku d\u016fv\u011bry, jejich seznam najdete <a href=\"https:\/\/www.capld.cz\/linky-duvery-cr2\/?wpbdp_view=all_listings\">zde<\/a> .<\/em><\/p>\n<\/div>\n<\/div>\n<\/li>\n<\/ul>\n\n\n<p><\/p>\n","protected":false},"excerpt":{"rendered":"<p>Konzultace p\u00e1rov\u00e9 a rodinn\u00e9 terapie p\u0159i pr\u00e1ci terapeutick\u00e9ho p\u00e1ru: 60 minut &#8230;.. 2000 K\u010d 90 minut &#8230;.. 3000 K\u010d Konzultace d\u011btsk\u00e9ho poradenstv\u00ed a terapie spolupr\u00e1ce s jedn\u00edm terapeutem: 50 minut pr\u00e1ce s jednou osobou &#8230;.. 1200 K\u010d\u00a0 50 minut pr\u00e1ce s rodi\u010di \u010di rodi\u010dem a d\u00edt\u011btem &#8230;.. 1800 K\u010d\u00a0 Platit je mo\u017en\u00e9 hotov\u011b \u010di QR [&hellip;]<\/p>\n","protected":false},"author":1,"featured_media":0,"parent":0,"menu_order":0,"comment_status":"closed","ping_status":"closed","template":"","meta":{"footnotes":""},"class_list":["post-67","page","type-page","status-publish","hentry"],"_links":{"self":[{"href":"https:\/\/www.terapierodiny.cz\/index.php\/wp-json\/wp\/v2\/pages\/67","targetHints":{"allow":["GET"]}}],"collection":[{"href":"https:\/\/www.terapierodiny.cz\/index.php\/wp-json\/wp\/v2\/pages"}],"about":[{"href":"https:\/\/www.terapierodiny.cz\/index.php\/wp-json\/wp\/v2\/types\/page"}],"author":[{"embeddable":true,"href":"https:\/\/www.terapierodiny.cz\/index.php\/wp-json\/wp\/v2\/users\/1"}],"replies":[{"embeddable":true,"href":"https:\/\/www.terapierodiny.cz\/index.php\/wp-json\/wp\/v2\/comments?post=67"}],"version-history":[{"count":34,"href":"https:\/\/www.terapierodiny.cz\/index.php\/wp-json\/wp\/v2\/pages\/67\/revisions"}],"predecessor-version":[{"id":503,"href":"https:\/\/www.terapierodiny.cz\/index.php\/wp-json\/wp\/v2\/pages\/67\/revisions\/503"}],"wp:attachment":[{"href":"https:\/\/www.terapierodiny.cz\/index.php\/wp-json\/wp\/v2\/media?parent=67"}],"curies":[{"name":"wp","href":"https:\/\/api.w.org\/{rel}","templated":true}]}}