{"id":71,"date":"2018-10-12T14:44:35","date_gmt":"2018-10-12T14:44:35","guid":{"rendered":"http:\/\/www.terapierodiny.cz\/?page_id=71"},"modified":"2025-05-11T19:48:45","modified_gmt":"2025-05-11T19:48:45","slug":"nase-sluzby","status":"publish","type":"page","link":"https:\/\/www.terapierodiny.cz\/index.php\/nase-sluzby\/","title":{"rendered":"Na\u0161e slu\u017eby"},"content":{"rendered":"\n<ul class=\"wp-block-list\">\n<li><a href=\"https:\/\/www.terapierodiny.cz\/index.php\/rodinna-terapie\/\"><strong>Rodinn\u00e1 terapie<\/strong><\/a><\/li>\n\n\n\n<li><strong><a href=\"https:\/\/www.terapierodiny.cz\/index.php\/parova_terapie\/\">P\u00e1rov\u00e1 terapie<\/a><\/strong><\/li>\n\n\n\n<li><a href=\"https:\/\/www.terapierodiny.cz\/index.php\/patchwork\/\"><strong>Patchworkov\u00e1 rodina<\/strong><\/a><\/li>\n\n\n\n<li><strong><a href=\"https:\/\/www.terapierodiny.cz\/index.php\/detske-poradenstvi-a-terapie\/\">D\u011btsk\u00e9 poradenstv\u00ed a terapie<\/a><\/strong><\/li>\n<\/ul>\n\n\n\n<p>Na\u0161e pr\u00e1ce prob\u00edh\u00e1 formou osobn\u00edho setk\u00e1n\u00ed v Praze 6 &#8211; B\u0159evnov\u011b nebo v Praze 2 &#8211; Karlov. P\u0159i konzultac\u00edch p\u00e1rov\u00e9 a rodinn\u00e9 terapie pracujeme jako terapeutick\u00fd p\u00e1r, tato forma spolupr\u00e1ce p\u0159in\u00e1\u0161\u00ed klient\u016fm velkou v\u00fdhodu genderov\u00e9 vyv\u00e1\u017eenosti sek\u00e1n\u00ed.<\/p>\n\n\n\n<p>P\u0159i poradensk\u00e9 a terapeutick\u00e9 p\u00e9\u010di o d\u011bti je d\u016fle\u017eit\u00e1 spolupr\u00e1ce rodi\u010d\u016f. Terapeut m\u016f\u017ee pracovat s d\u00edt\u011btem samostatn\u011b, s rodi\u010dem \u010di ob\u011bma rodi\u010di, a tak\u00e9 se m\u016f\u017eeme domluvit na spole\u010dn\u00e9 aktivit\u011b d\u011bt\u00ed s rodi\u010di. P\u00e9\u010de o d\u011bti je velice variabiln\u00ed, ovlivn\u011bn\u00e1 t\u00e9matem, pot\u0159ebami a zralost\u00ed d\u00edt\u011bte, i pot\u0159ebami rodi\u010d\u016f. Jin\u00e1 spolupr\u00e1ce je s d\u00edt\u011btem, jin\u00e1 s adolescentem.<\/p>\n\n\n\n<p>Je mo\u017en\u00e9 se domluvit i na on-line konzultac\u00edch, ale v kontextu na\u0161eho p\u0159\u00edstupu tuto formu spolupr\u00e1ce vn\u00edm\u00e1me jen jako dopl\u0148kovou, nap\u0159\u00edklad zkomplikuje-li domluven\u00e9 setk\u00e1n\u00ed nemoc, nebo pot\u0159ebuje rodina \u010di na\u0161i klienti pob\u00fdvat mimo dojezdovou vzd\u00e1lenost. Vyu\u017e\u00edv\u00e1me nej\u010dast\u011bji videokonferenci Google.Meet nebo Skype, nebr\u00e1n\u00edme se ale ani jin\u00e9 platform\u011b. On-line konzultaci je t\u0159eba domluvit v dostate\u010dn\u00e9m p\u0159edstihu.<\/p>\n\n\n\n<p class=\"has-text-align-center\"><\/p>\n","protected":false},"excerpt":{"rendered":"<p>Na\u0161e pr\u00e1ce prob\u00edh\u00e1 formou osobn\u00edho setk\u00e1n\u00ed v Praze 6 &#8211; B\u0159evnov\u011b nebo v Praze 2 &#8211; Karlov. P\u0159i konzultac\u00edch p\u00e1rov\u00e9 a rodinn\u00e9 terapie pracujeme jako terapeutick\u00fd p\u00e1r, tato forma spolupr\u00e1ce p\u0159in\u00e1\u0161\u00ed klient\u016fm velkou v\u00fdhodu genderov\u00e9 vyv\u00e1\u017eenosti sek\u00e1n\u00ed. P\u0159i poradensk\u00e9 a terapeutick\u00e9 p\u00e9\u010di o d\u011bti je d\u016fle\u017eit\u00e1 spolupr\u00e1ce rodi\u010d\u016f. Terapeut m\u016f\u017ee pracovat s d\u00edt\u011btem samostatn\u011b, s [&hellip;]<\/p>\n","protected":false},"author":1,"featured_media":0,"parent":0,"menu_order":0,"comment_status":"closed","ping_status":"closed","template":"","meta":{"footnotes":""},"class_list":["post-71","page","type-page","status-publish","hentry"],"_links":{"self":[{"href":"https:\/\/www.terapierodiny.cz\/index.php\/wp-json\/wp\/v2\/pages\/71","targetHints":{"allow":["GET"]}}],"collection":[{"href":"https:\/\/www.terapierodiny.cz\/index.php\/wp-json\/wp\/v2\/pages"}],"about":[{"href":"https:\/\/www.terapierodiny.cz\/index.php\/wp-json\/wp\/v2\/types\/page"}],"author":[{"embeddable":true,"href":"https:\/\/www.terapierodiny.cz\/index.php\/wp-json\/wp\/v2\/users\/1"}],"replies":[{"embeddable":true,"href":"https:\/\/www.terapierodiny.cz\/index.php\/wp-json\/wp\/v2\/comments?post=71"}],"version-history":[{"count":18,"href":"https:\/\/www.terapierodiny.cz\/index.php\/wp-json\/wp\/v2\/pages\/71\/revisions"}],"predecessor-version":[{"id":499,"href":"https:\/\/www.terapierodiny.cz\/index.php\/wp-json\/wp\/v2\/pages\/71\/revisions\/499"}],"wp:attachment":[{"href":"https:\/\/www.terapierodiny.cz\/index.php\/wp-json\/wp\/v2\/media?parent=71"}],"curies":[{"name":"wp","href":"https:\/\/api.w.org\/{rel}","templated":true}]}}